{"id":27010,"date":"2024-04-22T20:11:25","date_gmt":"2024-04-22T20:11:25","guid":{"rendered":"https:\/\/mth.lipalabs.de\/imprint\/"},"modified":"2026-04-20T15:15:22","modified_gmt":"2026-04-20T15:15:22","slug":"imprint","status":"publish","type":"page","link":"https:\/\/mth-potsdam.de\/en\/imprint\/","title":{"rendered":"Imprint"},"content":{"rendered":"\t\t<div data-elementor-type=\"wp-page\" data-elementor-id=\"27010\" class=\"elementor elementor-27010 elementor-236\" data-elementor-post-type=\"page\">\n\t\t\t\t<div class=\"elementor-element elementor-element-4363cc7 e-flex e-con-boxed e-con e-parent\" data-id=\"4363cc7\" data-element_type=\"container\">\n\t\t\t\t\t<div class=\"e-con-inner\">\n\t\t<div class=\"elementor-element elementor-element-309822d e-con-full e-flex e-con e-child\" data-id=\"309822d\" data-element_type=\"container\">\n\t\t\t\t<\/div>\n\t\t<div class=\"elementor-element elementor-element-2c4126f e-con-full e-flex e-con e-child\" data-id=\"2c4126f\" data-element_type=\"container\">\n\t\t\t\t<div class=\"elementor-element elementor-element-608b162 elementor-widget__width-inherit elementor-widget elementor-widget-heading\" data-id=\"608b162\" data-element_type=\"widget\" data-widget_type=\"heading.default\">\n\t\t\t\t<div class=\"elementor-widget-container\">\n\t\t\t\t\t<h2 class=\"elementor-heading-title elementor-size-default\">The website is provided by<\/h2>\t\t\t\t<\/div>\n\t\t\t\t<\/div>\n\t\t\t\t<div class=\"elementor-element elementor-element-c5b8a51 elementor-widget elementor-widget-text-editor\" data-id=\"c5b8a51\" data-element_type=\"widget\" data-widget_type=\"text-editor.default\">\n\t\t\t\t<div class=\"elementor-widget-container\">\n\t\t\t\t\t\t\t\t\t<div id=\"text-image-block_5c9a4af0b16d0\" class=\"text-image-wrapper columns\"><div class=\"column is-8 is-offset-2\"><div class=\"text-image-holder\"><p>MediaTech Hub Potsdam Management GmbH<br \/>August-Bebel-Strasse 26-53, House 4<br \/>14482 Potsdam\/Germany<\/p><p>Post Adress:<br \/>August-Bebel-Strasse 26-53, Post Box 53<br \/>14482 Potsdam, Germany<\/p><\/div><\/div><\/div><div id=\"text-image-block_5ca48a36a1ea2\" class=\"text-image-wrapper columns\"><div class=\"column is-8 is-offset-2\"><div class=\"text-image-holder\"><p>The MediaTech Hub Potsdam is Germany\u2019s only national digital hub for media technologies within the federal government\u2019s de:hub Initiative and the official startup center of the state of Brandenburg. It is funded by the state government of Brandenburg and the city of Potsdam.<\/p><p><strong>An initiative of 30 companies, institutions and associations launched the MediaTech Hub Potsdam:<\/strong><br \/>Cluster ICT, Media and Creative Industries Berlin-Brandenburg; CPU 24\/7; Fachhochschule Potsdam; Filmpark Babelsberg; Film University Babelsberg KONRAD WOLF; Fraunhofer Institute f\u00fcr Telecommunications\/Heinrich-Hertz-Institut; GEOkomm; Hasso-Plattner-Institut; Industrie- und Handelskammer Potsdam; Interlake Media and Interlake System; state capital Potsdam; media:net berlinbrandenburg; medienboard Berlin-Brandenburg; Medieninnovationszentrum Babelsberg; Metropolis VR; Ministry for Economic Affairs and Energy; Mittelstand 4.0-Agentur Kommunikation; morro images; Pearls &#8211; Potsdam Research Network; proWissen Potsdam; QiO Technologies; Rotor Film; Rundfunk Berlin-Brandenburg; Silicon Sanssouci; Studio Babelsberg; Technologie- und Gr\u00fcnderzentren Potsdam; transfermedia production services; UFA; Universit\u00e4t Potsdam; Unternehmensverb\u00e4nde Berlin-Brandenburg (UVB); Extended Reality Berlin-Brandenburg e. V. (XRBB); Brandenburg Economic Development Corporation (WFBB); Wonderlamp Industries<\/p><p><strong>Authorised representative<br \/><\/strong>Peter Effenberg, Felix Briegel<\/p><p><strong>Commercial register<\/strong><br \/>Potsdam district court<br \/>HRB 31494<\/p><p><strong>Sales tax identification number<\/strong><br \/>according to \u00a7 27 a sales tax law: DE319757016<\/p><p><strong>Responsibility for content within the meaning of \u00a7 5 DDG and \u00a7 18 para. 2 MStV<\/strong><br \/>The pages are edited by MediaTech Hub Potsdam Management GmbH.<br \/>Marketing: Phil Miller<br \/>T. +49\u00a0176 22047593<br \/>Please send any questions or comments to:<br \/>miller(at)mth-potsdam.de<\/p><p><strong>Copyright of the pictures and videos<\/strong><br \/>Unless otherwise noted: \u00a9 MTH Potsdam<br \/>MediaTech Hub Potsdam Management GmbH<br \/>August-Bebel-Strasse 26-53, House 4<br \/>14482 Potsdam\/Germany<\/p><p><strong>Disclaimer and presence in social media<\/strong><br \/>The official social media channels of MediaTech Hub Potsdam are operated by MediaTech Hub Potsdam Management GmbH. The comments of users reflect their opinions only, not those of MTH Potsdam Management GmbH.<br \/>The contents of the website were created with the greatest possible care. No guarantee is given for the completeness, correctness, up-to-dateness or availability. Liability for damages resulting from the use or non-use of the information offered on this website or the accessing or downloading of data is excluded. We also accept no liability for linked content, even if this is carefully checked when the link is first created.<\/p><p><strong>Data protection notice<\/strong><br \/>You can find all information on the protection of your data in our privacy policy<\/p><\/div><\/div><\/div>\t\t\t\t\t\t\t\t<\/div>\n\t\t\t\t<\/div>\n\t\t\t\t<\/div>\n\t\t\t\t\t<\/div>\n\t\t\t\t<\/div>\n\t\t\t\t<\/div>\n\t\t","protected":false},"excerpt":{"rendered":"<p>The website is provided by MediaTech Hub Potsdam Management GmbHAugust-Bebel-Strasse 26-53, House 414482 Potsdam\/Germany Post Adress:August-Bebel-Strasse 26-53, Post Box 5314482 Potsdam, Germany The MediaTech Hub Potsdam is Germany\u2019s only national digital hub for media technologies within the federal government\u2019s de:hub Initiative and the official startup center of the state of Brandenburg. It is funded by [&hellip;]<\/p>\n","protected":false},"author":1,"featured_media":0,"parent":0,"menu_order":0,"comment_status":"closed","ping_status":"closed","template":"","meta":{"_acf_changed":false,"footnotes":""},"class_list":["post-27010","page","type-page","status-publish","hentry"],"acf":[],"yoast_head":"<!-- This site is optimized with the Yoast SEO plugin v27.4 - https:\/\/yoast.com\/product\/yoast-seo-wordpress\/ -->\n<title>Imprint &#8211; MediaTech Hub Potsdam<\/title>\n<meta name=\"robots\" content=\"index, follow, max-snippet:-1, max-image-preview:large, max-video-preview:-1\" \/>\n<link rel=\"canonical\" href=\"https:\/\/mth-potsdam.de\/en\/imprint\/\" \/>\n<meta property=\"og:locale\" content=\"en_US\" \/>\n<meta property=\"og:type\" content=\"article\" \/>\n<meta property=\"og:title\" content=\"Imprint &#8211; MediaTech Hub Potsdam\" \/>\n<meta property=\"og:description\" content=\"The website is provided by MediaTech Hub Potsdam Management GmbHAugust-Bebel-Strasse 26-53, House 414482 Potsdam\/Germany Post Adress:August-Bebel-Strasse 26-53, Post Box 5314482 Potsdam, Germany The MediaTech Hub Potsdam is Germany\u2019s only national digital hub for media technologies within the federal government\u2019s de:hub Initiative and the official startup center of the state of Brandenburg. It is funded by [&hellip;]\" \/>\n<meta property=\"og:url\" content=\"https:\/\/mth-potsdam.de\/en\/imprint\/\" \/>\n<meta property=\"og:site_name\" content=\"MediaTech Hub Potsdam\" \/>\n<meta property=\"article:publisher\" content=\"https:\/\/www.facebook.com\/MediaTechHubPotsdam\/\" \/>\n<meta property=\"article:modified_time\" content=\"2026-04-20T15:15:22+00:00\" \/>\n<meta name=\"twitter:card\" content=\"summary_large_image\" \/>\n<meta name=\"twitter:site\" content=\"@MediaTech_Hub\" \/>\n<meta name=\"twitter:label1\" content=\"Est. reading time\" \/>\n\t<meta name=\"twitter:data1\" content=\"2 minutes\" \/>\n<script type=\"application\/ld+json\" class=\"yoast-schema-graph\">{\"@context\":\"https:\\\/\\\/schema.org\",\"@graph\":[{\"@type\":\"WebPage\",\"@id\":\"https:\\\/\\\/mth-potsdam.de\\\/en\\\/imprint\\\/\",\"url\":\"https:\\\/\\\/mth-potsdam.de\\\/en\\\/imprint\\\/\",\"name\":\"Imprint &#8211; MediaTech Hub Potsdam\",\"isPartOf\":{\"@id\":\"https:\\\/\\\/mth-potsdam.de\\\/en\\\/#website\"},\"datePublished\":\"2024-04-22T20:11:25+00:00\",\"dateModified\":\"2026-04-20T15:15:22+00:00\",\"breadcrumb\":{\"@id\":\"https:\\\/\\\/mth-potsdam.de\\\/en\\\/imprint\\\/#breadcrumb\"},\"inLanguage\":\"en-US\",\"potentialAction\":[{\"@type\":\"ReadAction\",\"target\":[\"https:\\\/\\\/mth-potsdam.de\\\/en\\\/imprint\\\/\"]}]},{\"@type\":\"BreadcrumbList\",\"@id\":\"https:\\\/\\\/mth-potsdam.de\\\/en\\\/imprint\\\/#breadcrumb\",\"itemListElement\":[{\"@type\":\"ListItem\",\"position\":1,\"name\":\"Startseite\",\"item\":\"https:\\\/\\\/mth-potsdam.de\\\/en\\\/\"},{\"@type\":\"ListItem\",\"position\":2,\"name\":\"Imprint\"}]},{\"@type\":\"WebSite\",\"@id\":\"https:\\\/\\\/mth-potsdam.de\\\/en\\\/#website\",\"url\":\"https:\\\/\\\/mth-potsdam.de\\\/en\\\/\",\"name\":\"MediaTech Hub Potsdam\",\"description\":\"\",\"publisher\":{\"@id\":\"https:\\\/\\\/mth-potsdam.de\\\/en\\\/#organization\"},\"alternateName\":\"MTH Potsdam\",\"potentialAction\":[{\"@type\":\"SearchAction\",\"target\":{\"@type\":\"EntryPoint\",\"urlTemplate\":\"https:\\\/\\\/mth-potsdam.de\\\/en\\\/?s={search_term_string}\"},\"query-input\":{\"@type\":\"PropertyValueSpecification\",\"valueRequired\":true,\"valueName\":\"search_term_string\"}}],\"inLanguage\":\"en-US\"},{\"@type\":\"Organization\",\"@id\":\"https:\\\/\\\/mth-potsdam.de\\\/en\\\/#organization\",\"name\":\"MediaTech Hub Potsdam\",\"alternateName\":\"MTH Potsdam\",\"url\":\"https:\\\/\\\/mth-potsdam.de\\\/en\\\/\",\"logo\":{\"@type\":\"ImageObject\",\"inLanguage\":\"en-US\",\"@id\":\"https:\\\/\\\/mth-potsdam.de\\\/en\\\/#\\\/schema\\\/logo\\\/image\\\/\",\"url\":\"\",\"contentUrl\":\"\",\"caption\":\"MediaTech Hub Potsdam\"},\"image\":{\"@id\":\"https:\\\/\\\/mth-potsdam.de\\\/en\\\/#\\\/schema\\\/logo\\\/image\\\/\"},\"sameAs\":[\"https:\\\/\\\/www.facebook.com\\\/MediaTechHubPotsdam\\\/\",\"https:\\\/\\\/x.com\\\/MediaTech_Hub\",\"https:\\\/\\\/www.linkedin.com\\\/company\\\/mediatech-hub-potsdam\",\"https:\\\/\\\/www.instagram.com\\\/mthpotsdam\\\/\",\"https:\\\/\\\/www.youtube.com\\\/channel\\\/UC48aWrGJIz-U9dN0mG-3OlQ\"]}]}<\/script>\n<!-- \/ Yoast SEO plugin. -->","yoast_head_json":{"title":"Imprint &#8211; MediaTech Hub Potsdam","robots":{"index":"index","follow":"follow","max-snippet":"max-snippet:-1","max-image-preview":"max-image-preview:large","max-video-preview":"max-video-preview:-1"},"canonical":"https:\/\/mth-potsdam.de\/en\/imprint\/","og_locale":"en_US","og_type":"article","og_title":"Imprint &#8211; MediaTech Hub Potsdam","og_description":"The website is provided by MediaTech Hub Potsdam Management GmbHAugust-Bebel-Strasse 26-53, House 414482 Potsdam\/Germany Post Adress:August-Bebel-Strasse 26-53, Post Box 5314482 Potsdam, Germany The MediaTech Hub Potsdam is Germany\u2019s only national digital hub for media technologies within the federal government\u2019s de:hub Initiative and the official startup center of the state of Brandenburg. It is funded by [&hellip;]","og_url":"https:\/\/mth-potsdam.de\/en\/imprint\/","og_site_name":"MediaTech Hub Potsdam","article_publisher":"https:\/\/www.facebook.com\/MediaTechHubPotsdam\/","article_modified_time":"2026-04-20T15:15:22+00:00","twitter_card":"summary_large_image","twitter_site":"@MediaTech_Hub","twitter_misc":{"Est. reading time":"2 minutes"},"schema":{"@context":"https:\/\/schema.org","@graph":[{"@type":"WebPage","@id":"https:\/\/mth-potsdam.de\/en\/imprint\/","url":"https:\/\/mth-potsdam.de\/en\/imprint\/","name":"Imprint &#8211; MediaTech Hub Potsdam","isPartOf":{"@id":"https:\/\/mth-potsdam.de\/en\/#website"},"datePublished":"2024-04-22T20:11:25+00:00","dateModified":"2026-04-20T15:15:22+00:00","breadcrumb":{"@id":"https:\/\/mth-potsdam.de\/en\/imprint\/#breadcrumb"},"inLanguage":"en-US","potentialAction":[{"@type":"ReadAction","target":["https:\/\/mth-potsdam.de\/en\/imprint\/"]}]},{"@type":"BreadcrumbList","@id":"https:\/\/mth-potsdam.de\/en\/imprint\/#breadcrumb","itemListElement":[{"@type":"ListItem","position":1,"name":"Startseite","item":"https:\/\/mth-potsdam.de\/en\/"},{"@type":"ListItem","position":2,"name":"Imprint"}]},{"@type":"WebSite","@id":"https:\/\/mth-potsdam.de\/en\/#website","url":"https:\/\/mth-potsdam.de\/en\/","name":"MediaTech Hub Potsdam","description":"","publisher":{"@id":"https:\/\/mth-potsdam.de\/en\/#organization"},"alternateName":"MTH Potsdam","potentialAction":[{"@type":"SearchAction","target":{"@type":"EntryPoint","urlTemplate":"https:\/\/mth-potsdam.de\/en\/?s={search_term_string}"},"query-input":{"@type":"PropertyValueSpecification","valueRequired":true,"valueName":"search_term_string"}}],"inLanguage":"en-US"},{"@type":"Organization","@id":"https:\/\/mth-potsdam.de\/en\/#organization","name":"MediaTech Hub Potsdam","alternateName":"MTH Potsdam","url":"https:\/\/mth-potsdam.de\/en\/","logo":{"@type":"ImageObject","inLanguage":"en-US","@id":"https:\/\/mth-potsdam.de\/en\/#\/schema\/logo\/image\/","url":"","contentUrl":"","caption":"MediaTech Hub Potsdam"},"image":{"@id":"https:\/\/mth-potsdam.de\/en\/#\/schema\/logo\/image\/"},"sameAs":["https:\/\/www.facebook.com\/MediaTechHubPotsdam\/","https:\/\/x.com\/MediaTech_Hub","https:\/\/www.linkedin.com\/company\/mediatech-hub-potsdam","https:\/\/www.instagram.com\/mthpotsdam\/","https:\/\/www.youtube.com\/channel\/UC48aWrGJIz-U9dN0mG-3OlQ"]}]}},"_links":{"self":[{"href":"https:\/\/mth-potsdam.de\/en\/wp-json\/wp\/v2\/pages\/27010","targetHints":{"allow":["GET"]}}],"collection":[{"href":"https:\/\/mth-potsdam.de\/en\/wp-json\/wp\/v2\/pages"}],"about":[{"href":"https:\/\/mth-potsdam.de\/en\/wp-json\/wp\/v2\/types\/page"}],"author":[{"embeddable":true,"href":"https:\/\/mth-potsdam.de\/en\/wp-json\/wp\/v2\/users\/1"}],"replies":[{"embeddable":true,"href":"https:\/\/mth-potsdam.de\/en\/wp-json\/wp\/v2\/comments?post=27010"}],"version-history":[{"count":18,"href":"https:\/\/mth-potsdam.de\/en\/wp-json\/wp\/v2\/pages\/27010\/revisions"}],"predecessor-version":[{"id":37426,"href":"https:\/\/mth-potsdam.de\/en\/wp-json\/wp\/v2\/pages\/27010\/revisions\/37426"}],"wp:attachment":[{"href":"https:\/\/mth-potsdam.de\/en\/wp-json\/wp\/v2\/media?parent=27010"}],"curies":[{"name":"wp","href":"https:\/\/api.w.org\/{rel}","templated":true}]}}